{"id":1449,"date":"2016-11-15T09:30:21","date_gmt":"2016-11-15T09:30:21","guid":{"rendered":"http:\/\/www.anarieldesign.com\/themedemos\/liber\/?page_id=5"},"modified":"2020-10-22T16:36:05","modified_gmt":"2020-10-22T16:36:05","slug":"home","status":"publish","type":"page","link":"https:\/\/saldoce.com\/site\/","title":{"rendered":"Saldoce"},"content":{"rendered":"\t\t<div data-elementor-type=\"wp-post\" data-elementor-id=\"1449\" class=\"elementor elementor-1449 elementor-bc-flex-widget\">\n\t\t\t\t\t\t<section class=\"elementor-section elementor-top-section elementor-element elementor-element-6ffdc6d0 elementor-section-boxed elementor-section-height-default elementor-section-height-default\" data-id=\"6ffdc6d0\" data-element_type=\"section\">\n\t\t\t\t\t\t<div class=\"elementor-container elementor-column-gap-default\">\n\t\t\t\t\t<div class=\"elementor-column elementor-col-100 elementor-top-column elementor-element elementor-element-3c80c4ba\" data-id=\"3c80c4ba\" data-element_type=\"column\">\n\t\t\t<div class=\"elementor-widget-wrap elementor-element-populated\">\n\t\t\t\t\t\t<div class=\"elementor-element elementor-element-4446ebf4 elementor-widget elementor-widget-text-editor\" data-id=\"4446ebf4\" data-element_type=\"widget\" data-widget_type=\"text-editor.default\">\n\t\t\t\t<div class=\"elementor-widget-container\">\n\t\t\t\t\t\t\t\t\t<h4><strong>VEnha nos conhecer!<\/strong><\/h4><p>Nosso card\u00e1pio \u00e9 bem variado e o ambiente \u00e9 super aconchegante.\u00a0<\/p><p>Um verdadeiro ref\u00fagio a qualquer hora do dia.<\/p><p>\u00a0<\/p>\t\t\t\t\t\t\t\t<\/div>\n\t\t\t\t<\/div>\n\t\t\t\t\t<\/div>\n\t\t<\/div>\n\t\t\t\t\t<\/div>\n\t\t<\/section>\n\t\t\t\t<\/div>\n\t\t","protected":false},"excerpt":{"rendered":"<p>VEnha nos conhecer! Nosso card\u00e1pio \u00e9 bem variado e o ambiente \u00e9 super aconchegante.\u00a0 Um verdadeiro ref\u00fagio a qualquer hora [&hellip;]<\/p>\n","protected":false},"author":1,"featured_media":1715,"parent":0,"menu_order":0,"comment_status":"closed","ping_status":"closed","template":"","meta":{"_joinchat":[],"footnotes":""},"class_list":["post-1449","page","type-page","status-publish","has-post-thumbnail","hentry"],"_links":{"self":[{"href":"https:\/\/saldoce.com\/site\/wp-json\/wp\/v2\/pages\/1449","targetHints":{"allow":["GET"]}}],"collection":[{"href":"https:\/\/saldoce.com\/site\/wp-json\/wp\/v2\/pages"}],"about":[{"href":"https:\/\/saldoce.com\/site\/wp-json\/wp\/v2\/types\/page"}],"author":[{"embeddable":true,"href":"https:\/\/saldoce.com\/site\/wp-json\/wp\/v2\/users\/1"}],"replies":[{"embeddable":true,"href":"https:\/\/saldoce.com\/site\/wp-json\/wp\/v2\/comments?post=1449"}],"version-history":[{"count":9,"href":"https:\/\/saldoce.com\/site\/wp-json\/wp\/v2\/pages\/1449\/revisions"}],"predecessor-version":[{"id":2100,"href":"https:\/\/saldoce.com\/site\/wp-json\/wp\/v2\/pages\/1449\/revisions\/2100"}],"wp:featuredmedia":[{"embeddable":true,"href":"https:\/\/saldoce.com\/site\/wp-json\/wp\/v2\/media\/1715"}],"wp:attachment":[{"href":"https:\/\/saldoce.com\/site\/wp-json\/wp\/v2\/media?parent=1449"}],"curies":[{"name":"wp","href":"https:\/\/api.w.org\/{rel}","templated":true}]}}